{"id":199,"date":"2025-12-08T22:09:39","date_gmt":"2025-12-08T22:09:39","guid":{"rendered":"https:\/\/diaaberto.uem.mz\/?page_id=199"},"modified":"2025-12-11T20:23:57","modified_gmt":"2025-12-11T20:23:57","slug":"brochura-de-exames-resolvidos","status":"publish","type":"page","link":"https:\/\/diaaberto.uem.mz\/index.php\/brochura-de-exames-resolvidos\/","title":{"rendered":"Brochura de Exames Resolvidos"},"content":{"rendered":"\t\t<div data-elementor-type=\"wp-page\" data-elementor-id=\"199\" class=\"elementor elementor-199\">\n\t\t\t\t<div class=\"elementor-element elementor-element-3419885 e-flex e-con-boxed e-con e-parent\" data-id=\"3419885\" data-element_type=\"container\">\n\t\t\t\t\t<div class=\"e-con-inner\">\n\t\t<div class=\"elementor-element elementor-element-0858daf e-con-full e-flex e-con e-child\" data-id=\"0858daf\" data-element_type=\"container\">\n\t\t<div class=\"elementor-element elementor-element-ac64b0a e-con-full e-flex e-con e-child\" data-id=\"ac64b0a\" data-element_type=\"container\">\n\t\t\t\t<div class=\"elementor-element elementor-element-b437ec7 elementor-widget-tablet__width-initial elementor-widget elementor-widget-image\" data-id=\"b437ec7\" data-element_type=\"widget\" data-widget_type=\"image.default\">\n\t\t\t\t<div class=\"elementor-widget-container\">\n\t\t\t\t\t\t\t\t\t\t\t\t\t\t\t<img fetchpriority=\"high\" decoding=\"async\" width=\"512\" height=\"800\" src=\"https:\/\/diaaberto.uem.mz\/wp-content\/uploads\/2025\/12\/POV-6.png\" class=\"attachment-large size-large wp-image-260\" alt=\"\" srcset=\"https:\/\/diaaberto.uem.mz\/wp-content\/uploads\/2025\/12\/POV-6.png 512w, https:\/\/diaaberto.uem.mz\/wp-content\/uploads\/2025\/12\/POV-6-192x300.png 192w, https:\/\/diaaberto.uem.mz\/wp-content\/uploads\/2025\/12\/POV-6-200x313.png 200w\" sizes=\"(max-width: 512px) 100vw, 512px\" \/>\t\t\t\t\t\t\t\t\t\t\t\t\t\t\t<\/div>\n\t\t\t\t<\/div>\n\t\t\t\t<div class=\"elementor-element elementor-element-39f4144 elementor-widget elementor-widget-heading\" data-id=\"39f4144\" data-element_type=\"widget\" data-widget_type=\"heading.default\">\n\t\t\t\t<div class=\"elementor-widget-container\">\n\t\t\t\t\t<h3 class=\"elementor-heading-title elementor-size-default\">Matem\u00e1tica: <br>2013-2025<\/h3>\t\t\t\t<\/div>\n\t\t\t\t<\/div>\n\t\t\t\t<div class=\"elementor-element elementor-element-800fbc1 elementor-align-center elementor-widget elementor-widget-button\" data-id=\"800fbc1\" data-element_type=\"widget\" data-widget_type=\"button.default\">\n\t\t\t\t<div class=\"elementor-widget-container\">\n\t\t\t\t\t\t\t\t\t<div class=\"elementor-button-wrapper\">\n\t\t\t\t\t<a class=\"elementor-button elementor-button-link elementor-size-sm elementor-animation-grow\" href=\"https:\/\/diaaberto.uem.mz\/wp-content\/uploads\/2025\/12\/MAematica-brochura_exames_2013_2025-4-1-1.pdf\" target=\"_blank\">\n\t\t\t\t\t\t<span class=\"elementor-button-content-wrapper\">\n\t\t\t\t\t\t<span class=\"elementor-button-icon\">\n\t\t\t\t<svg aria-hidden=\"true\" class=\"e-font-icon-svg e-far-arrow-alt-circle-down\" viewBox=\"0 0 512 512\" xmlns=\"http:\/\/www.w3.org\/2000\/svg\"><path d=\"M256 8C119 8 8 119 8 256s111 248 248 248 248-111 248-248S393 8 256 8zm0 448c-110.5 0-200-89.5-200-200S145.5 56 256 56s200 89.5 200 200-89.5 200-200 200zm-32-316v116h-67c-10.7 0-16 12.9-8.5 20.5l99 99c4.7 4.7 12.3 4.7 17 0l99-99c7.6-7.6 2.2-20.5-8.5-20.5h-67V140c0-6.6-5.4-12-12-12h-40c-6.6 0-12 5.4-12 12z\"><\/path><\/svg>\t\t\t<\/span>\n\t\t\t\t\t\t\t\t\t<span class=\"elementor-button-text\">Baixar<\/span>\n\t\t\t\t\t<\/span>\n\t\t\t\t\t<\/a>\n\t\t\t\t<\/div>\n\t\t\t\t\t\t\t\t<\/div>\n\t\t\t\t<\/div>\n\t\t\t\t<\/div>\n\t\t\t\t<\/div>\n\t\t<div class=\"elementor-element elementor-element-4b45893 e-con-full e-flex e-con e-child\" data-id=\"4b45893\" data-element_type=\"container\">\n\t\t<div class=\"elementor-element elementor-element-11b3807 e-con-full e-flex e-con e-child\" data-id=\"11b3807\" data-element_type=\"container\">\n\t\t\t\t<div class=\"elementor-element elementor-element-05bbd8b elementor-widget-tablet__width-initial elementor-widget elementor-widget-image\" data-id=\"05bbd8b\" data-element_type=\"widget\" data-widget_type=\"image.default\">\n\t\t\t\t<div class=\"elementor-widget-container\">\n\t\t\t\t\t\t\t\t\t\t\t\t\t\t\t<img decoding=\"async\" width=\"512\" height=\"800\" src=\"https:\/\/diaaberto.uem.mz\/wp-content\/uploads\/2025\/12\/POV-5.png\" class=\"attachment-large size-large wp-image-259\" alt=\"\" srcset=\"https:\/\/diaaberto.uem.mz\/wp-content\/uploads\/2025\/12\/POV-5.png 512w, https:\/\/diaaberto.uem.mz\/wp-content\/uploads\/2025\/12\/POV-5-192x300.png 192w, https:\/\/diaaberto.uem.mz\/wp-content\/uploads\/2025\/12\/POV-5-200x313.png 200w\" sizes=\"(max-width: 512px) 100vw, 512px\" \/>\t\t\t\t\t\t\t\t\t\t\t\t\t\t\t<\/div>\n\t\t\t\t<\/div>\n\t\t\t\t<div class=\"elementor-element elementor-element-4ae5eeb elementor-widget elementor-widget-heading\" data-id=\"4ae5eeb\" data-element_type=\"widget\" data-widget_type=\"heading.default\">\n\t\t\t\t<div class=\"elementor-widget-container\">\n\t\t\t\t\t<h3 class=\"elementor-heading-title elementor-size-default\">Biologia: <br>2013-2025<\/h3>\t\t\t\t<\/div>\n\t\t\t\t<\/div>\n\t\t\t\t<div class=\"elementor-element elementor-element-de81432 elementor-align-center elementor-widget elementor-widget-button\" data-id=\"de81432\" data-element_type=\"widget\" data-widget_type=\"button.default\">\n\t\t\t\t<div class=\"elementor-widget-container\">\n\t\t\t\t\t\t\t\t\t<div class=\"elementor-button-wrapper\">\n\t\t\t\t\t<a class=\"elementor-button elementor-button-link elementor-size-sm elementor-animation-grow\" href=\"https:\/\/diaaberto.uem.mz\/wp-content\/uploads\/2025\/12\/Brochura-de-exames-resolvidos_UEM_Biologia_2013-2025.pdf\">\n\t\t\t\t\t\t<span class=\"elementor-button-content-wrapper\">\n\t\t\t\t\t\t<span class=\"elementor-button-icon\">\n\t\t\t\t<svg aria-hidden=\"true\" class=\"e-font-icon-svg e-far-arrow-alt-circle-down\" viewBox=\"0 0 512 512\" xmlns=\"http:\/\/www.w3.org\/2000\/svg\"><path d=\"M256 8C119 8 8 119 8 256s111 248 248 248 248-111 248-248S393 8 256 8zm0 448c-110.5 0-200-89.5-200-200S145.5 56 256 56s200 89.5 200 200-89.5 200-200 200zm-32-316v116h-67c-10.7 0-16 12.9-8.5 20.5l99 99c4.7 4.7 12.3 4.7 17 0l99-99c7.6-7.6 2.2-20.5-8.5-20.5h-67V140c0-6.6-5.4-12-12-12h-40c-6.6 0-12 5.4-12 12z\"><\/path><\/svg>\t\t\t<\/span>\n\t\t\t\t\t\t\t\t\t<span class=\"elementor-button-text\">Baixar<\/span>\n\t\t\t\t\t<\/span>\n\t\t\t\t\t<\/a>\n\t\t\t\t<\/div>\n\t\t\t\t\t\t\t\t<\/div>\n\t\t\t\t<\/div>\n\t\t\t\t<\/div>\n\t\t\t\t<\/div>\n\t\t<div class=\"elementor-element elementor-element-a10d1c5 e-con-full e-flex e-con e-child\" data-id=\"a10d1c5\" data-element_type=\"container\">\n\t\t<div class=\"elementor-element elementor-element-a62db48 e-con-full e-flex e-con e-child\" data-id=\"a62db48\" data-element_type=\"container\">\n\t\t\t\t<div class=\"elementor-element elementor-element-0b60fa1 elementor-widget-tablet__width-initial elementor-widget elementor-widget-image\" data-id=\"0b60fa1\" data-element_type=\"widget\" data-widget_type=\"image.default\">\n\t\t\t\t<div class=\"elementor-widget-container\">\n\t\t\t\t\t\t\t\t\t\t\t\t\t\t\t<img decoding=\"async\" width=\"512\" height=\"800\" src=\"https:\/\/diaaberto.uem.mz\/wp-content\/uploads\/2025\/12\/POV-7.png\" class=\"attachment-large size-large wp-image-287\" alt=\"\" srcset=\"https:\/\/diaaberto.uem.mz\/wp-content\/uploads\/2025\/12\/POV-7.png 512w, https:\/\/diaaberto.uem.mz\/wp-content\/uploads\/2025\/12\/POV-7-192x300.png 192w, https:\/\/diaaberto.uem.mz\/wp-content\/uploads\/2025\/12\/POV-7-200x313.png 200w\" sizes=\"(max-width: 512px) 100vw, 512px\" \/>\t\t\t\t\t\t\t\t\t\t\t\t\t\t\t<\/div>\n\t\t\t\t<\/div>\n\t\t\t\t<div class=\"elementor-element elementor-element-09e8214 elementor-widget elementor-widget-heading\" data-id=\"09e8214\" data-element_type=\"widget\" data-widget_type=\"heading.default\">\n\t\t\t\t<div class=\"elementor-widget-container\">\n\t\t\t\t\t<h3 class=\"elementor-heading-title elementor-size-default\">Qu\u00edmica: <br>2013-2025<\/h3>\t\t\t\t<\/div>\n\t\t\t\t<\/div>\n\t\t\t\t<div class=\"elementor-element elementor-element-e685f3c elementor-align-center elementor-widget elementor-widget-button\" data-id=\"e685f3c\" data-element_type=\"widget\" data-widget_type=\"button.default\">\n\t\t\t\t<div class=\"elementor-widget-container\">\n\t\t\t\t\t\t\t\t\t<div class=\"elementor-button-wrapper\">\n\t\t\t\t\t<a class=\"elementor-button elementor-button-link elementor-size-sm elementor-animation-grow\" href=\"https:\/\/diaaberto.uem.mz\/wp-content\/uploads\/2025\/12\/Brochura_QUIMICA_2025.pdf\">\n\t\t\t\t\t\t<span class=\"elementor-button-content-wrapper\">\n\t\t\t\t\t\t<span class=\"elementor-button-icon\">\n\t\t\t\t<svg aria-hidden=\"true\" class=\"e-font-icon-svg e-far-arrow-alt-circle-down\" viewBox=\"0 0 512 512\" xmlns=\"http:\/\/www.w3.org\/2000\/svg\"><path d=\"M256 8C119 8 8 119 8 256s111 248 248 248 248-111 248-248S393 8 256 8zm0 448c-110.5 0-200-89.5-200-200S145.5 56 256 56s200 89.5 200 200-89.5 200-200 200zm-32-316v116h-67c-10.7 0-16 12.9-8.5 20.5l99 99c4.7 4.7 12.3 4.7 17 0l99-99c7.6-7.6 2.2-20.5-8.5-20.5h-67V140c0-6.6-5.4-12-12-12h-40c-6.6 0-12 5.4-12 12z\"><\/path><\/svg>\t\t\t<\/span>\n\t\t\t\t\t\t\t\t\t<span class=\"elementor-button-text\">Baixar<\/span>\n\t\t\t\t\t<\/span>\n\t\t\t\t\t<\/a>\n\t\t\t\t<\/div>\n\t\t\t\t\t\t\t\t<\/div>\n\t\t\t\t<\/div>\n\t\t\t\t<\/div>\n\t\t\t\t<\/div>\n\t\t<div class=\"elementor-element elementor-element-993b1af e-con-full e-flex e-con e-child\" data-id=\"993b1af\" data-element_type=\"container\">\n\t\t<div class=\"elementor-element elementor-element-c61c5da e-con-full e-flex e-con e-child\" data-id=\"c61c5da\" data-element_type=\"container\">\n\t\t\t\t<div class=\"elementor-element elementor-element-5de4be0 elementor-widget-tablet__width-initial elementor-widget elementor-widget-image\" data-id=\"5de4be0\" data-element_type=\"widget\" data-widget_type=\"image.default\">\n\t\t\t\t<div class=\"elementor-widget-container\">\n\t\t\t\t\t\t\t\t\t\t\t\t\t\t\t<img loading=\"lazy\" decoding=\"async\" width=\"512\" height=\"800\" src=\"https:\/\/diaaberto.uem.mz\/wp-content\/uploads\/2025\/12\/POV-4.png\" class=\"attachment-large size-large wp-image-257\" alt=\"\" srcset=\"https:\/\/diaaberto.uem.mz\/wp-content\/uploads\/2025\/12\/POV-4.png 512w, https:\/\/diaaberto.uem.mz\/wp-content\/uploads\/2025\/12\/POV-4-192x300.png 192w, https:\/\/diaaberto.uem.mz\/wp-content\/uploads\/2025\/12\/POV-4-200x313.png 200w\" sizes=\"(max-width: 512px) 100vw, 512px\" \/>\t\t\t\t\t\t\t\t\t\t\t\t\t\t\t<\/div>\n\t\t\t\t<\/div>\n\t\t\t\t<div class=\"elementor-element elementor-element-f1c31cd elementor-widget elementor-widget-heading\" data-id=\"f1c31cd\" data-element_type=\"widget\" data-widget_type=\"heading.default\">\n\t\t\t\t<div class=\"elementor-widget-container\">\n\t\t\t\t\t<h3 class=\"elementor-heading-title elementor-size-default\">F\u00edsica: <br>2013-2025<\/h3>\t\t\t\t<\/div>\n\t\t\t\t<\/div>\n\t\t\t\t<div class=\"elementor-element elementor-element-e128cc9 elementor-align-center elementor-widget elementor-widget-button\" data-id=\"e128cc9\" data-element_type=\"widget\" data-widget_type=\"button.default\">\n\t\t\t\t<div class=\"elementor-widget-container\">\n\t\t\t\t\t\t\t\t\t<div class=\"elementor-button-wrapper\">\n\t\t\t\t\t<a class=\"elementor-button elementor-button-link elementor-size-sm elementor-animation-grow\" href=\"https:\/\/diaaberto.uem.mz\/wp-content\/uploads\/2025\/12\/BROCHURA-FISICA-RESOLUCAO-2.pdf\">\n\t\t\t\t\t\t<span class=\"elementor-button-content-wrapper\">\n\t\t\t\t\t\t<span class=\"elementor-button-icon\">\n\t\t\t\t<svg aria-hidden=\"true\" class=\"e-font-icon-svg e-far-arrow-alt-circle-down\" viewBox=\"0 0 512 512\" xmlns=\"http:\/\/www.w3.org\/2000\/svg\"><path d=\"M256 8C119 8 8 119 8 256s111 248 248 248 248-111 248-248S393 8 256 8zm0 448c-110.5 0-200-89.5-200-200S145.5 56 256 56s200 89.5 200 200-89.5 200-200 200zm-32-316v116h-67c-10.7 0-16 12.9-8.5 20.5l99 99c4.7 4.7 12.3 4.7 17 0l99-99c7.6-7.6 2.2-20.5-8.5-20.5h-67V140c0-6.6-5.4-12-12-12h-40c-6.6 0-12 5.4-12 12z\"><\/path><\/svg>\t\t\t<\/span>\n\t\t\t\t\t\t\t\t\t<span class=\"elementor-button-text\">Baixar<\/span>\n\t\t\t\t\t<\/span>\n\t\t\t\t\t<\/a>\n\t\t\t\t<\/div>\n\t\t\t\t\t\t\t\t<\/div>\n\t\t\t\t<\/div>\n\t\t\t\t<\/div>\n\t\t\t\t<\/div>\n\t\t\t\t\t<\/div>\n\t\t\t\t<\/div>\n\t\t<div class=\"elementor-element elementor-element-cafacd6 e-flex e-con-boxed e-con e-parent\" data-id=\"cafacd6\" data-element_type=\"container\" data-settings=\"{&quot;background_background&quot;:&quot;classic&quot;}\">\n\t\t\t\t\t<div class=\"e-con-inner\">\n\t\t\t\t<div class=\"elementor-element elementor-element-cdf29e4 elementor-invisible elementor-widget elementor-widget-heading\" data-id=\"cdf29e4\" data-element_type=\"widget\" data-settings=\"{&quot;_animation&quot;:&quot;fadeIn&quot;}\" data-widget_type=\"heading.default\">\n\t\t\t\t<div class=\"elementor-widget-container\">\n\t\t\t\t\t<h3 class=\"elementor-heading-title elementor-size-default\">Patrocinado\u00a0por:<\/h3>\t\t\t\t<\/div>\n\t\t\t\t<\/div>\n\t\t\t\t\t<\/div>\n\t\t\t\t<\/div>\n\t\t<div class=\"elementor-element elementor-element-97df020 e-flex e-con-boxed e-con e-parent\" data-id=\"97df020\" data-element_type=\"container\">\n\t\t\t\t\t<div class=\"e-con-inner\">\n\t\t<div class=\"elementor-element elementor-element-c4a1ec1 e-con-full e-flex e-con e-child\" data-id=\"c4a1ec1\" data-element_type=\"container\">\n\t\t\t\t<div class=\"elementor-element elementor-element-7cef025 elementor-widget elementor-widget-image\" data-id=\"7cef025\" data-element_type=\"widget\" data-widget_type=\"image.default\">\n\t\t\t\t<div class=\"elementor-widget-container\">\n\t\t\t\t\t\t\t\t\t\t\t\t\t\t\t<img loading=\"lazy\" decoding=\"async\" width=\"300\" height=\"160\" src=\"https:\/\/diaaberto.uem.mz\/wp-content\/uploads\/2025\/12\/Imagem-300x160.jpg\" class=\"attachment-medium size-medium wp-image-312\" alt=\"\" srcset=\"https:\/\/diaaberto.uem.mz\/wp-content\/uploads\/2025\/12\/Imagem-300x160.jpg 300w, https:\/\/diaaberto.uem.mz\/wp-content\/uploads\/2025\/12\/Imagem-1024x547.jpg 1024w, https:\/\/diaaberto.uem.mz\/wp-content\/uploads\/2025\/12\/Imagem-768x410.jpg 768w, https:\/\/diaaberto.uem.mz\/wp-content\/uploads\/2025\/12\/Imagem-1536x820.jpg 1536w, https:\/\/diaaberto.uem.mz\/wp-content\/uploads\/2025\/12\/Imagem-200x107.jpg 200w, https:\/\/diaaberto.uem.mz\/wp-content\/uploads\/2025\/12\/Imagem.jpg 1600w\" sizes=\"(max-width: 300px) 100vw, 300px\" \/>\t\t\t\t\t\t\t\t\t\t\t\t\t\t\t<\/div>\n\t\t\t\t<\/div>\n\t\t\t\t<\/div>\n\t\t<div class=\"elementor-element elementor-element-c07088f e-con-full e-flex e-con e-child\" data-id=\"c07088f\" data-element_type=\"container\">\n\t\t\t\t<div class=\"elementor-element elementor-element-e835cea elementor-widget elementor-widget-text-editor\" data-id=\"e835cea\" data-element_type=\"widget\" data-widget_type=\"text-editor.default\">\n\t\t\t\t<div class=\"elementor-widget-container\">\n\t\t\t\t\t\t\t\t\t<p><strong>MozSkills &#8211; MI35\/DNES-FDI\/12\/2022<\/strong><\/p>\t\t\t\t\t\t\t\t<\/div>\n\t\t\t\t<\/div>\n\t\t\t\t<\/div>\n\t\t\t\t\t<\/div>\n\t\t\t\t<\/div>\n\t\t\t\t<\/div>\n\t\t","protected":false},"excerpt":{"rendered":"<p>Matem\u00e1tica: 2013-2025 Baixar Biologia: 2013-2025 Baixar Qu\u00edmica: 2013-2025 Baixar F\u00edsica: 2013-2025 Baixar Patrocinado\u00a0por: MozSkills &#8211; MI35\/DNES-FDI\/12\/2022<\/p>\n","protected":false},"author":1,"featured_media":0,"parent":0,"menu_order":0,"comment_status":"closed","ping_status":"closed","template":"","meta":{"site-sidebar-layout":"no-sidebar","site-content-layout":"","ast-site-content-layout":"full-width-container","site-content-style":"default","site-sidebar-style":"default","ast-global-header-display":"","ast-banner-title-visibility":"","ast-main-header-display":"","ast-hfb-above-header-display":"","ast-hfb-below-header-display":"","ast-hfb-mobile-header-display":"","site-post-title":"disabled","ast-breadcrumbs-content":"","ast-featured-img":"disabled","footer-sml-layout":"","theme-transparent-header-meta":"","adv-header-id-meta":"","stick-header-meta":"","header-above-stick-meta":"","header-main-stick-meta":"","header-below-stick-meta":"","astra-migrate-meta-layouts":"default","ast-page-background-enabled":"default","ast-page-background-meta":{"desktop":{"background-color":"var(--ast-global-color-5)","background-image":"","background-repeat":"repeat","background-position":"center center","background-size":"auto","background-attachment":"scroll","background-type":"","background-media":"","overlay-type":"","overlay-color":"","overlay-opacity":"","overlay-gradient":""},"tablet":{"background-color":"","background-image":"","background-repeat":"repeat","background-position":"center center","background-size":"auto","background-attachment":"scroll","background-type":"","background-media":"","overlay-type":"","overlay-color":"","overlay-opacity":"","overlay-gradient":""},"mobile":{"background-color":"","background-image":"","background-repeat":"repeat","background-position":"center center","background-size":"auto","background-attachment":"scroll","background-type":"","background-media":"","overlay-type":"","overlay-color":"","overlay-opacity":"","overlay-gradient":""}},"ast-content-background-meta":{"desktop":{"background-color":"var(--ast-global-color-4)","background-image":"","background-repeat":"repeat","background-position":"center center","background-size":"auto","background-attachment":"scroll","background-type":"","background-media":"","overlay-type":"","overlay-color":"","overlay-opacity":"","overlay-gradient":""},"tablet":{"background-color":"var(--ast-global-color-4)","background-image":"","background-repeat":"repeat","background-position":"center center","background-size":"auto","background-attachment":"scroll","background-type":"","background-media":"","overlay-type":"","overlay-color":"","overlay-opacity":"","overlay-gradient":""},"mobile":{"background-color":"var(--ast-global-color-4)","background-image":"","background-repeat":"repeat","background-position":"center center","background-size":"auto","background-attachment":"scroll","background-type":"","background-media":"","overlay-type":"","overlay-color":"","overlay-opacity":"","overlay-gradient":""}},"footnotes":""},"class_list":["post-199","page","type-page","status-publish","hentry"],"_links":{"self":[{"href":"https:\/\/diaaberto.uem.mz\/index.php\/wp-json\/wp\/v2\/pages\/199","targetHints":{"allow":["GET"]}}],"collection":[{"href":"https:\/\/diaaberto.uem.mz\/index.php\/wp-json\/wp\/v2\/pages"}],"about":[{"href":"https:\/\/diaaberto.uem.mz\/index.php\/wp-json\/wp\/v2\/types\/page"}],"author":[{"embeddable":true,"href":"https:\/\/diaaberto.uem.mz\/index.php\/wp-json\/wp\/v2\/users\/1"}],"replies":[{"embeddable":true,"href":"https:\/\/diaaberto.uem.mz\/index.php\/wp-json\/wp\/v2\/comments?post=199"}],"version-history":[{"count":34,"href":"https:\/\/diaaberto.uem.mz\/index.php\/wp-json\/wp\/v2\/pages\/199\/revisions"}],"predecessor-version":[{"id":328,"href":"https:\/\/diaaberto.uem.mz\/index.php\/wp-json\/wp\/v2\/pages\/199\/revisions\/328"}],"wp:attachment":[{"href":"https:\/\/diaaberto.uem.mz\/index.php\/wp-json\/wp\/v2\/media?parent=199"}],"curies":[{"name":"wp","href":"https:\/\/api.w.org\/{rel}","templated":true}]}}